{"id":145,"date":"2016-09-10T15:23:44","date_gmt":"2016-09-10T13:23:44","guid":{"rendered":"http:\/\/www.ideaweb.pl\/projects\/seo\/?page_id=145&#038;lang=en"},"modified":"2024-12-13T14:50:30","modified_gmt":"2024-12-13T13:50:30","slug":"contact","status":"publish","type":"page","link":"https:\/\/www.seoelectronics.pl\/en\/contact\/","title":{"rendered":"Contact"},"content":{"rendered":"<h1 style=\"text-align: center; margin-bottom: 0.1em;\">SEO Electronics s.c.<\/h1>\n<table width=\"800\" align=\"center\">\n<tbody>\n<tr>\n<td style=\"vertical-align: top; text-align: center; color: white;\" width=\"50%\">\n<h3 style=\"text-align: center; color: white;\">Office, shipping address, headquarters<\/h3>\n<p>ul.\u00a0Prowiantowa 10<br \/>\n15-707 Bia\u0142ystok<br \/>\nPOLAND<\/td>\n<td style=\"vertical-align: top; text-align: center; color: white;\" width=\"50%\">\n<h3 style=\"text-align: center; color: white;\">Company registration details<\/h3>\n<p>SEO Electronics s.c.<br \/>\nLeon Iwaniuk, S\u0142awomir Iwaniuk<br \/>\nModrzewiowa 5<br \/>\n16-010 Wasilk\u00f3w<br \/>\nPOLAND<br \/>\nNIP (VAT ID): PL9660984869<\/td>\n<\/tr>\n<\/tbody>\n<\/table>\n<table width=\"800\" align=\"center\">\n<tbody>\n<tr>\n<td style=\"vertical-align: top; text-align: center; color: white;\" width=\"50%\">\n<h3 style=\"text-align: center; color: white;\">Sales team<\/h3>\n<p>tel: +48 85 651 45 33, int. 1<br \/>\ntel: +48 85 652 56 61, int. 1<br \/>\n<!-- mob: +48 512 999 188 --><br \/>\n<a style=\"color: white;\" href=\"mailto:sales@seoelectronics.pl\">sales@seoelectronics.pl<\/a><br \/>\n<a style=\"color: white;\" href=\"mailto:office@seoelectronics.pl\">office@seoelectronics.pl<\/a><\/td>\n<td style=\"vertical-align: top; text-align: center; color: white;\" width=\"50%\">\n<h3>Technical support team<\/h3>\n<p><!-- tel: +48 85 652 56 52 --> <!-- tel: +48 85 652 56 61, int. 2 --> <!-- mob: +48 694 350 155 --><br \/>\n<a style=\"color: white;\" href=\"https:\/\/can24.pro\">CAN24.pro &#8211; SEO support platform<\/a><br \/>\n<a style=\"color: white;\" href=\"mailto:support@seoelectronics.pl\">support@seoelectronics.pl<\/a><br \/>\n<!-- Skype: <a href=\"skype:seoelectronics?call\" style=\"color:white;\">seoelectronics<\/a> --><\/td>\n<\/tr>\n<\/tbody>\n<\/table>\n<p><!--more--><\/p>\n<p><!-- Tu mo\u017cna co\u015b wstawi\u0107 --><\/p>\n","protected":false},"excerpt":{"rendered":"<p>SEO Electronics s.c. Office, shipping address, headquarters ul.\u00a0Prowiantowa 10 15-707 Bia\u0142ystok POLAND Company registration details SEO Electronics s.c. Leon Iwaniuk, S\u0142awomir Iwaniuk Modrzewiowa 5 16-010 Wasilk\u00f3w POLAND NIP (VAT ID): PL9660984869 Sales team tel: +48 85 651 45 33, int&#8230;.<\/p>\n","protected":false},"author":1,"featured_media":94,"parent":0,"menu_order":0,"comment_status":"closed","ping_status":"closed","template":"page-templates\/contact.php","meta":{"_mi_skip_tracking":false,"_links_to":"","_links_to_target":""},"aioseo_notices":[],"_links":{"self":[{"href":"https:\/\/www.seoelectronics.pl\/en\/wp-json\/wp\/v2\/pages\/145"}],"collection":[{"href":"https:\/\/www.seoelectronics.pl\/en\/wp-json\/wp\/v2\/pages"}],"about":[{"href":"https:\/\/www.seoelectronics.pl\/en\/wp-json\/wp\/v2\/types\/page"}],"author":[{"embeddable":true,"href":"https:\/\/www.seoelectronics.pl\/en\/wp-json\/wp\/v2\/users\/1"}],"replies":[{"embeddable":true,"href":"https:\/\/www.seoelectronics.pl\/en\/wp-json\/wp\/v2\/comments?post=145"}],"version-history":[{"count":16,"href":"https:\/\/www.seoelectronics.pl\/en\/wp-json\/wp\/v2\/pages\/145\/revisions"}],"predecessor-version":[{"id":1150,"href":"https:\/\/www.seoelectronics.pl\/en\/wp-json\/wp\/v2\/pages\/145\/revisions\/1150"}],"wp:featuredmedia":[{"embeddable":true,"href":"https:\/\/www.seoelectronics.pl\/en\/wp-json\/wp\/v2\/media\/94"}],"wp:attachment":[{"href":"https:\/\/www.seoelectronics.pl\/en\/wp-json\/wp\/v2\/media?parent=145"}],"curies":[{"name":"wp","href":"https:\/\/api.w.org\/{rel}","templated":true}]}}